{"id":108,"date":"2023-04-25T18:46:49","date_gmt":"2023-04-25T18:46:49","guid":{"rendered":"https:\/\/www.tekmaxllc.abdullahalazad.com\/?page_id=108"},"modified":"2024-03-18T22:13:28","modified_gmt":"2024-03-18T22:13:28","slug":"refund-policy","status":"publish","type":"page","link":"https:\/\/www.kyocharomedia.com\/es\/refund-policy","title":{"rendered":"Pol\u00edtica de reembolso"},"content":{"rendered":"<div data-elementor-type=\"wp-page\" data-elementor-id=\"108\" class=\"elementor elementor-108\" data-elementor-post-type=\"page\">\n\t\t\t\t\t\t<section class=\"elementor-section elementor-top-section elementor-element elementor-element-21d74c4 elementor-section-stretched elementor-section-boxed elementor-section-height-default elementor-section-height-default\" data-id=\"21d74c4\" data-element_type=\"section\" data-settings=\"{&quot;stretch_section&quot;:&quot;section-stretched&quot;,&quot;_ha_eqh_enable&quot;:false}\">\n\t\t\t\t\t\t<div class=\"elementor-container elementor-column-gap-default\">\n\t\t\t\t\t<div class=\"elementor-column elementor-col-100 elementor-top-column elementor-element elementor-element-7029685\" data-id=\"7029685\" data-element_type=\"column\" data-settings=\"{&quot;background_background&quot;:&quot;classic&quot;}\">\n\t\t\t<div class=\"elementor-widget-wrap elementor-element-populated\">\n\t\t\t\t\t\t<div class=\"elementor-element elementor-element-9c9d1b9 elementor-widget elementor-widget-heading\" data-id=\"9c9d1b9\" data-element_type=\"widget\" data-widget_type=\"heading.default\">\n\t\t\t\t<div class=\"elementor-widget-container\">\n\t\t\t<style>\/*! elementor - v3.20.0 - 13-03-2024 *\/\n.elementor-heading-title{padding:0;margin:0;line-height:1}.elementor-widget-heading .elementor-heading-title[class*=elementor-size-]>a{color:inherit;font-size:inherit;line-height:inherit}.elementor-widget-heading .elementor-heading-title.elementor-size-small{font-size:15px}.elementor-widget-heading .elementor-heading-title.elementor-size-medium{font-size:19px}.elementor-widget-heading .elementor-heading-title.elementor-size-large{font-size:29px}.elementor-widget-heading .elementor-heading-title.elementor-size-xl{font-size:39px}.elementor-widget-heading .elementor-heading-title.elementor-size-xxl{font-size:59px}<\/style><h2 class=\"elementor-heading-title elementor-size-default\">Pol\u00edtica de reembolso<\/h2>\t\t<\/div>\n\t\t\t\t<\/div>\n\t\t\t\t<div class=\"elementor-element elementor-element-f769ee3 elementor-widget elementor-widget-heading\" data-id=\"f769ee3\" data-element_type=\"widget\" data-widget_type=\"heading.default\">\n\t\t\t\t<div class=\"elementor-widget-container\">\n\t\t\t<h2 class=\"elementor-heading-title elementor-size-default\">\u00daltima modificaci\u00f3n: 27 de marzo de 2018 (ver versiones archivadas)<\/h2>\t\t<\/div>\n\t\t\t\t<\/div>\n\t\t\t\t\t<\/div>\n\t\t<\/div>\n\t\t\t\t\t<\/div>\n\t\t<\/section>\n\t\t\t\t<section class=\"elementor-section elementor-top-section elementor-element elementor-element-7761022 elementor-section-stretched elementor-section-boxed elementor-section-height-default elementor-section-height-default\" data-id=\"7761022\" data-element_type=\"section\" data-settings=\"{&quot;stretch_section&quot;:&quot;section-stretched&quot;,&quot;_ha_eqh_enable&quot;:false}\">\n\t\t\t\t\t\t<div class=\"elementor-container elementor-column-gap-default\">\n\t\t\t\t\t<div class=\"elementor-column elementor-col-100 elementor-top-column elementor-element elementor-element-c441184\" data-id=\"c441184\" data-element_type=\"column\" data-settings=\"{&quot;background_background&quot;:&quot;classic&quot;}\">\n\t\t\t<div class=\"elementor-widget-wrap elementor-element-populated\">\n\t\t\t\t\t\t<div class=\"elementor-element elementor-element-1e4e275 elementor-widget elementor-widget-heading\" data-id=\"1e4e275\" data-element_type=\"widget\" data-widget_type=\"heading.default\">\n\t\t\t\t<div class=\"elementor-widget-container\">\n\t\t\t<h2 class=\"elementor-heading-title elementor-size-default\">Introducci\u00f3n<\/h2>\t\t<\/div>\n\t\t\t\t<\/div>\n\t\t\t\t<div class=\"elementor-element elementor-element-6590477 elementor-widget elementor-widget-heading\" data-id=\"6590477\" data-element_type=\"widget\" data-widget_type=\"heading.default\">\n\t\t\t\t<div class=\"elementor-widget-container\">\n\t\t\t<h2 class=\"elementor-heading-title elementor-size-default\">Gracias por utilizar nuestros productos y servicios (\"Servicios\"). Los Servicios son prestados por Kyocharo LLC. (\"Space\"), con domicilio en 7290 Samuel Dr #305, Denver, CO 80221.<\/h2>\t\t<\/div>\n\t\t\t\t<\/div>\n\t\t\t\t<div class=\"elementor-element elementor-element-6f71102 elementor-widget elementor-widget-heading\" data-id=\"6f71102\" data-element_type=\"widget\" data-widget_type=\"heading.default\">\n\t\t\t\t<div class=\"elementor-widget-container\">\n\t\t\t<h2 class=\"elementor-heading-title elementor-size-default\">Al utilizar nuestros Servicios, usted acepta estas condiciones. L\u00e9alas atentamente.<\/h2>\t\t<\/div>\n\t\t\t\t<\/div>\n\t\t\t\t<div class=\"elementor-element elementor-element-f86da7e elementor-widget elementor-widget-heading\" data-id=\"f86da7e\" data-element_type=\"widget\" data-widget_type=\"heading.default\">\n\t\t\t\t<div class=\"elementor-widget-container\">\n\t\t\t<h2 class=\"elementor-heading-title elementor-size-default\">Nuestros Servicios son muy diversos, por lo que a veces pueden aplicarse condiciones adicionales o requisitos de producto (incluidos requisitos de edad). Las condiciones adicionales estar\u00e1n disponibles con los Servicios correspondientes, y dichas condiciones adicionales pasar\u00e1n a formar parte de su acuerdo con nosotros si utiliza dichos Servicios.<\/h2>\t\t<\/div>\n\t\t\t\t<\/div>\n\t\t\t\t<div class=\"elementor-element elementor-element-4265efa elementor-widget elementor-widget-heading\" data-id=\"4265efa\" data-element_type=\"widget\" data-widget_type=\"heading.default\">\n\t\t\t\t<div class=\"elementor-widget-container\">\n\t\t\t<h2 class=\"elementor-heading-title elementor-size-default\">Utilizaci\u00f3n de nuestros servicios<\/h2>\t\t<\/div>\n\t\t\t\t<\/div>\n\t\t\t\t<div class=\"elementor-element elementor-element-8576587 elementor-widget elementor-widget-heading\" data-id=\"8576587\" data-element_type=\"widget\" data-widget_type=\"heading.default\">\n\t\t\t\t<div class=\"elementor-widget-container\">\n\t\t\t<h2 class=\"elementor-heading-title elementor-size-default\">Debe seguir todas las pol\u00edticas puestas a su disposici\u00f3n en los Servicios.<\/h2>\t\t<\/div>\n\t\t\t\t<\/div>\n\t\t\t\t<div class=\"elementor-element elementor-element-90285ea elementor-widget elementor-widget-heading\" data-id=\"90285ea\" data-element_type=\"widget\" data-widget_type=\"heading.default\">\n\t\t\t\t<div class=\"elementor-widget-container\">\n\t\t\t<h2 class=\"elementor-heading-title elementor-size-default\">No haga un mal uso de nuestros Servicios. Por ejemplo, no interfiera con nuestros Servicios ni intente acceder a ellos utilizando un m\u00e9todo distinto de la interfaz y las instrucciones que proporcionamos. S\u00f3lo podr\u00e1 utilizar nuestros Servicios en la medida en que lo permita la ley, incluidas las leyes y reglamentos aplicables en materia de control de exportaciones y reexportaciones. Podemos suspender o dejar de prestarle nuestros Servicios si no cumple nuestras condiciones o pol\u00edticas o si estamos investigando sospechas de conducta indebida.<\/h2>\t\t<\/div>\n\t\t\t\t<\/div>\n\t\t\t\t<div class=\"elementor-element elementor-element-5929569 elementor-widget elementor-widget-heading\" data-id=\"5929569\" data-element_type=\"widget\" data-widget_type=\"heading.default\">\n\t\t\t\t<div class=\"elementor-widget-container\">\n\t\t\t<h2 class=\"elementor-heading-title elementor-size-default\">El uso de nuestros Servicios no le otorga la titularidad de ning\u00fan derecho de propiedad intelectual sobre nuestros Servicios o los contenidos a los que acceda. Usted no puede utilizar el contenido de nuestros Servicios a menos que obtenga el permiso de su propietario o est\u00e9 permitido por la ley. Estas condiciones no le otorgan el derecho a utilizar ninguna marca o logotipo utilizados en nuestros Servicios. No elimine, oculte ni altere ning\u00fan aviso legal que aparezca en nuestros Servicios o junto a ellos.<\/h2>\t\t<\/div>\n\t\t\t\t<\/div>\n\t\t\t\t<div class=\"elementor-element elementor-element-f4da7e7 elementor-widget elementor-widget-heading\" data-id=\"f4da7e7\" data-element_type=\"widget\" data-widget_type=\"heading.default\">\n\t\t\t\t<div class=\"elementor-widget-container\">\n\t\t\t<h2 class=\"elementor-heading-title elementor-size-default\">Protecci\u00f3n de la intimidad y los derechos de autor<\/h2>\t\t<\/div>\n\t\t\t\t<\/div>\n\t\t\t\t<div class=\"elementor-element elementor-element-afde700 elementor-widget elementor-widget-heading\" data-id=\"afde700\" data-element_type=\"widget\" data-widget_type=\"heading.default\">\n\t\t\t\t<div class=\"elementor-widget-container\">\n\t\t\t<h2 class=\"elementor-heading-title elementor-size-default\">Las pol\u00edticas de privacidad de Space explican c\u00f3mo tratamos sus datos personales y protegemos su privacidad cuando utiliza nuestros Servicios. Al utilizar nuestros Servicios, usted acepta que Space utilice dichos datos de acuerdo con nuestras pol\u00edticas de privacidad.<\/h2>\t\t<\/div>\n\t\t\t\t<\/div>\n\t\t\t\t<div class=\"elementor-element elementor-element-0d2104a elementor-widget elementor-widget-heading\" data-id=\"0d2104a\" data-element_type=\"widget\" data-widget_type=\"heading.default\">\n\t\t\t\t<div class=\"elementor-widget-container\">\n\t\t\t<h2 class=\"elementor-heading-title elementor-size-default\">Respondemos a los avisos de presuntas infracciones de derechos de autor y cancelamos las cuentas de los infractores reincidentes de acuerdo con el proceso establecido en la Ley de Derechos de Autor del Milenio Digital de Estados Unidos.<\/h2>\t\t<\/div>\n\t\t\t\t<\/div>\n\t\t\t\t<div class=\"elementor-element elementor-element-37e4592 elementor-widget elementor-widget-heading\" data-id=\"37e4592\" data-element_type=\"widget\" data-widget_type=\"heading.default\">\n\t\t\t\t<div class=\"elementor-widget-container\">\n\t\t\t<h2 class=\"elementor-heading-title elementor-size-default\">Proporcionamos informaci\u00f3n para ayudar a los titulares de derechos de autor a gestionar su propiedad intelectual en l\u00ednea. Si cree que alguien est\u00e1 violando sus derechos de autor y desea notific\u00e1rnoslo, puede encontrar informaci\u00f3n sobre c\u00f3mo enviar notificaciones y la pol\u00edtica de Space sobre la respuesta a las notificaciones en nuestro Centro de ayuda.<\/h2>\t\t<\/div>\n\t\t\t\t<\/div>\n\t\t\t\t<div class=\"elementor-element elementor-element-3a106a0 elementor-widget elementor-widget-heading\" data-id=\"3a106a0\" data-element_type=\"widget\" data-widget_type=\"heading.default\">\n\t\t\t\t<div class=\"elementor-widget-container\">\n\t\t\t<h2 class=\"elementor-heading-title elementor-size-default\">Su contenido en nuestros servicios<\/h2>\t\t<\/div>\n\t\t\t\t<\/div>\n\t\t\t\t<div class=\"elementor-element elementor-element-a91d594 elementor-widget elementor-widget-heading\" data-id=\"a91d594\" data-element_type=\"widget\" data-widget_type=\"heading.default\">\n\t\t\t\t<div class=\"elementor-widget-container\">\n\t\t\t<h2 class=\"elementor-heading-title elementor-size-default\">Cuando usted carga, presenta, almacena, env\u00eda o recibe contenidos en nuestros Servicios o a trav\u00e9s de ellos, otorga a Space (y a aquellos con los que trabajamos) una licencia mundial para utilizar, alojar, almacenar, reproducir, modificar, crear obras derivadas (como las resultantes de traducciones, adaptaciones u otros cambios que hagamos para que su contenido funcione mejor con nuestros Servicios), comunicar, publicar, ejecutar p\u00fablicamente, mostrar p\u00fablicamente y distribuir dicho contenido. Los derechos que usted concede en esta licencia son para el prop\u00f3sito limitado de operar, promover y mejorar nuestros Servicios, y para desarrollar otros nuevos. Esta licencia se mantendr\u00e1 incluso si deja de utilizar nuestros Servicios (por ejemplo, para una ficha de empresa que haya a\u00f1adido a Space Maps). Algunos Servicios pueden ofrecerle formas de acceder y eliminar el contenido que se ha proporcionado a ese Servicio. Asimismo, en algunos de nuestros Servicios, existen t\u00e9rminos o configuraciones que limitan el alcance de nuestro uso de los contenidos enviados en dichos Servicios. Aseg\u00farese de que dispone de los derechos necesarios para concedernos esta licencia para cualquier contenido que env\u00ede a nuestros Servicios.<\/h2>\t\t<\/div>\n\t\t\t\t<\/div>\n\t\t\t\t\t<\/div>\n\t\t<\/div>\n\t\t\t\t\t<\/div>\n\t\t<\/section>\n\t\t\t\t<\/div>","protected":false},"excerpt":{"rendered":"<p>Pol\u00edtica de reembolso \u00daltima modificaci\u00f3n: 27 de marzo de 2018 (ver versiones archivadas) Introducci\u00f3n Gracias por utilizar nuestros productos y servicios (\"Servicios\"). Los Servicios son proporcionados por Kyocharo LLC. (\"Space\"), ubicada en 7290 Samuel Dr #305, Denver, CO 80221. Al utilizar nuestros Servicios, usted acepta estas condiciones. Le rogamos que las lea detenidamente. Nuestros Servicios son muy diversos, [...]<\/p>","protected":false},"author":1,"featured_media":0,"parent":0,"menu_order":0,"comment_status":"closed","ping_status":"closed","template":"","meta":{"om_disable_all_campaigns":false,"_monsterinsights_skip_tracking":false,"_monsterinsights_sitenote_active":false,"_monsterinsights_sitenote_note":"","_monsterinsights_sitenote_category":0,"_uf_show_specific_survey":0,"_uf_disable_surveys":false,"footnotes":""},"class_list":["post-108","page","type-page","status-publish","hentry"],"aioseo_notices":[],"_links":{"self":[{"href":"https:\/\/www.kyocharomedia.com\/es\/wp-json\/wp\/v2\/pages\/108","targetHints":{"allow":["GET"]}}],"collection":[{"href":"https:\/\/www.kyocharomedia.com\/es\/wp-json\/wp\/v2\/pages"}],"about":[{"href":"https:\/\/www.kyocharomedia.com\/es\/wp-json\/wp\/v2\/types\/page"}],"author":[{"embeddable":true,"href":"https:\/\/www.kyocharomedia.com\/es\/wp-json\/wp\/v2\/users\/1"}],"replies":[{"embeddable":true,"href":"https:\/\/www.kyocharomedia.com\/es\/wp-json\/wp\/v2\/comments?post=108"}],"version-history":[{"count":6,"href":"https:\/\/www.kyocharomedia.com\/es\/wp-json\/wp\/v2\/pages\/108\/revisions"}],"predecessor-version":[{"id":1634,"href":"https:\/\/www.kyocharomedia.com\/es\/wp-json\/wp\/v2\/pages\/108\/revisions\/1634"}],"wp:attachment":[{"href":"https:\/\/www.kyocharomedia.com\/es\/wp-json\/wp\/v2\/media?parent=108"}],"curies":[{"name":"wp","href":"https:\/\/api.w.org\/{rel}","templated":true}]}}